{"id":42,"date":"2025-02-04T08:15:56","date_gmt":"2025-02-04T08:15:56","guid":{"rendered":"https:\/\/planmanfinancial.com\/contactgegevens\/"},"modified":"2025-02-04T09:13:59","modified_gmt":"2025-02-04T09:13:59","slug":"contactgegevens","status":"publish","type":"page","link":"https:\/\/planmanfinancial.com\/ro\/contactgegevens\/","title":{"rendered":"Date de contact"},"content":{"rendered":"<p>Bine a\u021bi venit pe pagina de contact a <strong>PlanmanFinanciar<\/strong>Ave\u021bi \u00eentreb\u0103ri, comentarii sau sugestii despre articolele sau produsele noastre? Suntem \u00eentotdeauna gata s\u0103 v\u0103 ajut\u0103m.<\/p>\n<h2>Formular de contact<\/h2>\n<p>V\u0103 rug\u0103m s\u0103 completa\u021bi formularul de contact de mai jos \u0219i v\u0103 vom contacta c\u00e2t mai cur\u00e2nd posibil.<\/p>\n<form action=\"\/ro\/verzenden\/\" method=\"post\" data-trp-original-action=\"\/verzenden\"><label for=\"naam\">Nume:<\/label><br \/>\n<input id=\"naam\" name=\"naam\" required=\"\" type=\"text\" \/><label for=\"email\">Adresa de e-mail:<\/label><br \/>\n<input id=\"email\" name=\"email\" required=\"\" type=\"email\" \/><\/p>\n<p><label for=\"onderwerp\">Subiect:<\/label><br \/>\n<input id=\"onderwerp\" name=\"onderwerp\" required=\"\" type=\"text\" \/><\/p>\n<p><label for=\"bericht\">Mesaj:<\/label><br \/>\n<textarea id=\"bericht\" name=\"bericht\" required=\"\" rows=\"5\"><\/textarea><\/p>\n<p><button type=\"submit\">Trimite<\/button><\/p>\n<input type=\"hidden\" name=\"trp-form-language\" value=\"ro\"\/><\/form>","protected":false},"excerpt":{"rendered":"<p>Bine a\u021bi venit pe pagina de contact PlanmanFinancial. Ave\u021bi \u00eentreb\u0103ri, comentarii sau sugestii despre articolele sau produsele noastre? Suntem \u00eentotdeauna bucuro\u0219i s\u0103 v\u0103 ajut\u0103m...<\/p>","protected":false},"author":1,"featured_media":0,"parent":0,"menu_order":0,"comment_status":"closed","ping_status":"closed","template":"","meta":{"_acf_changed":false,"footnotes":""},"class_list":["post-42","page","type-page","status-publish","hentry"],"acf":[],"yoast_head":"<!-- This site is optimized with the Yoast SEO plugin v23.2 - https:\/\/yoast.com\/wordpress\/plugins\/seo\/ -->\n<title>Contactgegevens - planmanfinancial.com<\/title>\n<meta name=\"description\" content=\"Neem contact op met PlanmanFinancial voor vragen of suggesties. Vul het formulier in en wij reageren zo snel mogelijk!\" \/>\n<meta name=\"robots\" content=\"index, follow, max-snippet:-1, max-image-preview:large, max-video-preview:-1\" \/>\n<link rel=\"canonical\" href=\"https:\/\/planmanfinancial.com\/ro\/contactgegevens\/\" \/>\n<meta property=\"og:locale\" content=\"ro_RO\" \/>\n<meta property=\"og:type\" content=\"article\" \/>\n<meta property=\"og:title\" content=\"Contactgegevens - planmanfinancial.com\" \/>\n<meta property=\"og:description\" content=\"Neem contact op met PlanmanFinancial voor vragen of suggesties. Vul het formulier in en wij reageren zo snel mogelijk!\" \/>\n<meta property=\"og:url\" content=\"https:\/\/planmanfinancial.com\/ro\/contactgegevens\/\" \/>\n<meta property=\"og:site_name\" content=\"planmanfinancial.com\" \/>\n<meta property=\"article:modified_time\" content=\"2025-02-04T09:13:59+00:00\" \/>\n<meta name=\"twitter:card\" content=\"summary_large_image\" \/>\n<meta name=\"twitter:label1\" content=\"Timp estimat pentru citire\" \/>\n\t<meta name=\"twitter:data1\" content=\"1 minut\" \/>\n<script type=\"application\/ld+json\" class=\"yoast-schema-graph\">{\"@context\":\"https:\/\/schema.org\",\"@graph\":[{\"@type\":\"WebPage\",\"@id\":\"https:\/\/planmanfinancial.com\/contactgegevens\/\",\"url\":\"https:\/\/planmanfinancial.com\/contactgegevens\/\",\"name\":\"Contactgegevens - planmanfinancial.com\",\"isPartOf\":{\"@id\":\"https:\/\/planmanfinancial.com\/#website\"},\"datePublished\":\"2025-02-04T08:15:56+00:00\",\"dateModified\":\"2025-02-04T09:13:59+00:00\",\"description\":\"Neem contact op met PlanmanFinancial voor vragen of suggesties. Vul het formulier in en wij reageren zo snel mogelijk!\",\"breadcrumb\":{\"@id\":\"https:\/\/planmanfinancial.com\/contactgegevens\/#breadcrumb\"},\"inLanguage\":\"ro-RO\",\"potentialAction\":[{\"@type\":\"ReadAction\",\"target\":[\"https:\/\/planmanfinancial.com\/contactgegevens\/\"]}]},{\"@type\":\"BreadcrumbList\",\"@id\":\"https:\/\/planmanfinancial.com\/contactgegevens\/#breadcrumb\",\"itemListElement\":[{\"@type\":\"ListItem\",\"position\":1,\"name\":\"Home\",\"item\":\"https:\/\/planmanfinancial.com\/\"},{\"@type\":\"ListItem\",\"position\":2,\"name\":\"Contactgegevens\"}]},{\"@type\":\"WebSite\",\"@id\":\"https:\/\/planmanfinancial.com\/#website\",\"url\":\"https:\/\/planmanfinancial.com\/\",\"name\":\"planmanfinancial.com\",\"description\":\"Ontdek dagelijks nieuwe mode-inspiratie en stijladvies voor jouw garderobe\",\"potentialAction\":[{\"@type\":\"SearchAction\",\"target\":{\"@type\":\"EntryPoint\",\"urlTemplate\":\"https:\/\/planmanfinancial.com\/?s={search_term_string}\"},\"query-input\":\"required name=search_term_string\"}],\"inLanguage\":\"ro-RO\"}]}<\/script>\n<!-- \/ Yoast SEO plugin. -->","yoast_head_json":{"title":"Contactgegevens - planmanfinancial.com","description":"Neem contact op met PlanmanFinancial voor vragen of suggesties. Vul het formulier in en wij reageren zo snel mogelijk!","robots":{"index":"index","follow":"follow","max-snippet":"max-snippet:-1","max-image-preview":"max-image-preview:large","max-video-preview":"max-video-preview:-1"},"canonical":"https:\/\/planmanfinancial.com\/ro\/contactgegevens\/","og_locale":"ro_RO","og_type":"article","og_title":"Contactgegevens - planmanfinancial.com","og_description":"Neem contact op met PlanmanFinancial voor vragen of suggesties. Vul het formulier in en wij reageren zo snel mogelijk!","og_url":"https:\/\/planmanfinancial.com\/ro\/contactgegevens\/","og_site_name":"planmanfinancial.com","article_modified_time":"2025-02-04T09:13:59+00:00","twitter_card":"summary_large_image","twitter_misc":{"Timp estimat pentru citire":"1 minut"},"schema":{"@context":"https:\/\/schema.org","@graph":[{"@type":"WebPage","@id":"https:\/\/planmanfinancial.com\/contactgegevens\/","url":"https:\/\/planmanfinancial.com\/contactgegevens\/","name":"Contactgegevens - planmanfinancial.com","isPartOf":{"@id":"https:\/\/planmanfinancial.com\/#website"},"datePublished":"2025-02-04T08:15:56+00:00","dateModified":"2025-02-04T09:13:59+00:00","description":"Neem contact op met PlanmanFinancial voor vragen of suggesties. Vul het formulier in en wij reageren zo snel mogelijk!","breadcrumb":{"@id":"https:\/\/planmanfinancial.com\/contactgegevens\/#breadcrumb"},"inLanguage":"ro-RO","potentialAction":[{"@type":"ReadAction","target":["https:\/\/planmanfinancial.com\/contactgegevens\/"]}]},{"@type":"BreadcrumbList","@id":"https:\/\/planmanfinancial.com\/contactgegevens\/#breadcrumb","itemListElement":[{"@type":"ListItem","position":1,"name":"Home","item":"https:\/\/planmanfinancial.com\/"},{"@type":"ListItem","position":2,"name":"Contactgegevens"}]},{"@type":"WebSite","@id":"https:\/\/planmanfinancial.com\/#website","url":"https:\/\/planmanfinancial.com\/","name":"planmanfinancial.com","description":"Ontdek dagelijks nieuwe mode-inspiratie en stijladvies voor jouw garderobe","potentialAction":[{"@type":"SearchAction","target":{"@type":"EntryPoint","urlTemplate":"https:\/\/planmanfinancial.com\/?s={search_term_string}"},"query-input":"required name=search_term_string"}],"inLanguage":"ro-RO"}]}},"yoast_meta":{"yoast_wpseo_title":"","yoast_wpseo_metadesc":"","yoast_wpseo_canonical":"https:\/\/planmanfinancial.com\/ro\/wp-json\/wp\/v2\/pages\/42"},"_links":{"self":[{"href":"https:\/\/planmanfinancial.com\/ro\/wp-json\/wp\/v2\/pages\/42","targetHints":{"allow":["GET"]}}],"collection":[{"href":"https:\/\/planmanfinancial.com\/ro\/wp-json\/wp\/v2\/pages"}],"about":[{"href":"https:\/\/planmanfinancial.com\/ro\/wp-json\/wp\/v2\/types\/page"}],"author":[{"embeddable":true,"href":"https:\/\/planmanfinancial.com\/ro\/wp-json\/wp\/v2\/users\/1"}],"replies":[{"embeddable":true,"href":"https:\/\/planmanfinancial.com\/ro\/wp-json\/wp\/v2\/comments?post=42"}],"version-history":[{"count":1,"href":"https:\/\/planmanfinancial.com\/ro\/wp-json\/wp\/v2\/pages\/42\/revisions"}],"predecessor-version":[{"id":46,"href":"https:\/\/planmanfinancial.com\/ro\/wp-json\/wp\/v2\/pages\/42\/revisions\/46"}],"wp:attachment":[{"href":"https:\/\/planmanfinancial.com\/ro\/wp-json\/wp\/v2\/media?parent=42"}],"curies":[{"name":"wp","href":"https:\/\/api.w.org\/{rel}","templated":true}]}}