{"id":41,"date":"2025-02-04T08:15:54","date_gmt":"2025-02-04T08:15:54","guid":{"rendered":"https:\/\/planmanfinancial.com\/over-het-bedrijf\/"},"modified":"2025-02-04T09:15:01","modified_gmt":"2025-02-04T09:15:01","slug":"over-het-bedrijf","status":"publish","type":"page","link":"https:\/\/planmanfinancial.com\/ro\/over-het-bedrijf\/","title":{"rendered":"Despre companie"},"content":{"rendered":"<p>Bine a\u021bi venit la planmanfinancial, destina\u021bia voastr\u0103 suprem\u0103 pentru tot ce \u021bine de mod\u0103. Aici ve\u021bi descoperi cele mai recente tendin\u021be, inspira\u021bie de stil \u0219i sfaturi practice \u00een materie de mod\u0103. Blogul nostru este dedicat iubitorilor de mod\u0103 care caut\u0103 sfaturi de specialitate, analize de tendin\u021be \u0219i idei elegante pentru a-\u0219i rafina garderoba. Indiferent dac\u0103 v\u0103 intereseaz\u0103 high fashion, streetwear sau mod\u0103 sustenabil\u0103, v\u0103 oferim tot ce ave\u021bi nevoie pentru a v\u0103 l\u0103sa stilul personal s\u0103 str\u0103luceasc\u0103.<\/p>\n<p><img loading=\"lazy\" decoding=\"async\" class=\"aligncenter wp-image-40 size-full\" src=\"https:\/\/planmanfinancial.com\/wp-content\/uploads\/zhenskaya-odezhda.jpg\" alt=\"\" width=\"612\" height=\"503\" srcset=\"https:\/\/planmanfinancial.com\/wp-content\/uploads\/zhenskaya-odezhda.jpg 612w, https:\/\/planmanfinancial.com\/wp-content\/uploads\/zhenskaya-odezhda-300x247.jpg 300w\" sizes=\"auto, (max-width: 612px) 100vw, 612px\" \/><\/p>\n<h2>Ce po\u021bi g\u0103si la noi?<\/h2>\n<ul>\n<li>Analiza tendin\u021belor \u0219i previziuni de mod\u0103<\/li>\n<li>Sfaturi pentru combinarea hainelor \u0219i accesoriilor<\/li>\n<li>Inspira\u021bie din lumea modei \u0219i din prezent\u0103rile de mod\u0103<\/li>\n<li>Interviuri cu stili\u0219ti \u0219i designeri<\/li>\n<li>Ghiduri pentru alegeri de mod\u0103 sustenabile \u0219i etice<\/li>\n<\/ul>","protected":false},"excerpt":{"rendered":"<p>Bine a\u021bi venit la planmanfinancial, destina\u021bia dumneavoastr\u0103 suprem\u0103 pentru tot ce \u021bine de mod\u0103. Aici ve\u021bi descoperi cele mai recente tendin\u021be,...<\/p>","protected":false},"author":1,"featured_media":0,"parent":0,"menu_order":0,"comment_status":"closed","ping_status":"closed","template":"","meta":{"_acf_changed":false,"footnotes":""},"class_list":["post-41","page","type-page","status-publish","hentry"],"acf":[],"yoast_head":"<!-- This site is optimized with the Yoast SEO plugin v23.2 - https:\/\/yoast.com\/wordpress\/plugins\/seo\/ -->\n<title>Over het bedrijf - planmanfinancial.com<\/title>\n<meta name=\"description\" content=\"Ontdek de nieuwste modetrends, stijltips en inspirerende fashion-artikelen op planmanfinancial. Laat je stijl stralen!\" \/>\n<meta name=\"robots\" content=\"index, follow, max-snippet:-1, max-image-preview:large, max-video-preview:-1\" \/>\n<link rel=\"canonical\" href=\"https:\/\/planmanfinancial.com\/ro\/over-het-bedrijf\/\" \/>\n<meta property=\"og:locale\" content=\"ro_RO\" \/>\n<meta property=\"og:type\" content=\"article\" \/>\n<meta property=\"og:title\" content=\"Over het bedrijf - planmanfinancial.com\" \/>\n<meta property=\"og:description\" content=\"Ontdek de nieuwste modetrends, stijltips en inspirerende fashion-artikelen op planmanfinancial. Laat je stijl stralen!\" \/>\n<meta property=\"og:url\" content=\"https:\/\/planmanfinancial.com\/ro\/over-het-bedrijf\/\" \/>\n<meta property=\"og:site_name\" content=\"planmanfinancial.com\" \/>\n<meta property=\"article:modified_time\" content=\"2025-02-04T09:15:01+00:00\" \/>\n<meta property=\"og:image\" content=\"https:\/\/planmanfinancial.com\/wp-content\/uploads\/zhenskaya-odezhda.jpg\" \/>\n<meta name=\"twitter:card\" content=\"summary_large_image\" \/>\n<meta name=\"twitter:label1\" content=\"Timp estimat pentru citire\" \/>\n\t<meta name=\"twitter:data1\" content=\"1 minut\" \/>\n<script type=\"application\/ld+json\" class=\"yoast-schema-graph\">{\"@context\":\"https:\/\/schema.org\",\"@graph\":[{\"@type\":\"WebPage\",\"@id\":\"https:\/\/planmanfinancial.com\/over-het-bedrijf\/\",\"url\":\"https:\/\/planmanfinancial.com\/over-het-bedrijf\/\",\"name\":\"Over het bedrijf - planmanfinancial.com\",\"isPartOf\":{\"@id\":\"https:\/\/planmanfinancial.com\/#website\"},\"primaryImageOfPage\":{\"@id\":\"https:\/\/planmanfinancial.com\/over-het-bedrijf\/#primaryimage\"},\"image\":{\"@id\":\"https:\/\/planmanfinancial.com\/over-het-bedrijf\/#primaryimage\"},\"thumbnailUrl\":\"https:\/\/planmanfinancial.com\/wp-content\/uploads\/zhenskaya-odezhda.jpg\",\"datePublished\":\"2025-02-04T08:15:54+00:00\",\"dateModified\":\"2025-02-04T09:15:01+00:00\",\"description\":\"Ontdek de nieuwste modetrends, stijltips en inspirerende fashion-artikelen op planmanfinancial. Laat je stijl stralen!\",\"breadcrumb\":{\"@id\":\"https:\/\/planmanfinancial.com\/over-het-bedrijf\/#breadcrumb\"},\"inLanguage\":\"ro-RO\",\"potentialAction\":[{\"@type\":\"ReadAction\",\"target\":[\"https:\/\/planmanfinancial.com\/over-het-bedrijf\/\"]}]},{\"@type\":\"ImageObject\",\"inLanguage\":\"ro-RO\",\"@id\":\"https:\/\/planmanfinancial.com\/over-het-bedrijf\/#primaryimage\",\"url\":\"https:\/\/planmanfinancial.com\/wp-content\/uploads\/zhenskaya-odezhda.jpg\",\"contentUrl\":\"https:\/\/planmanfinancial.com\/wp-content\/uploads\/zhenskaya-odezhda.jpg\"},{\"@type\":\"BreadcrumbList\",\"@id\":\"https:\/\/planmanfinancial.com\/over-het-bedrijf\/#breadcrumb\",\"itemListElement\":[{\"@type\":\"ListItem\",\"position\":1,\"name\":\"Home\",\"item\":\"https:\/\/planmanfinancial.com\/\"},{\"@type\":\"ListItem\",\"position\":2,\"name\":\"Over het bedrijf\"}]},{\"@type\":\"WebSite\",\"@id\":\"https:\/\/planmanfinancial.com\/#website\",\"url\":\"https:\/\/planmanfinancial.com\/\",\"name\":\"planmanfinancial.com\",\"description\":\"Ontdek dagelijks nieuwe mode-inspiratie en stijladvies voor jouw garderobe\",\"potentialAction\":[{\"@type\":\"SearchAction\",\"target\":{\"@type\":\"EntryPoint\",\"urlTemplate\":\"https:\/\/planmanfinancial.com\/?s={search_term_string}\"},\"query-input\":\"required name=search_term_string\"}],\"inLanguage\":\"ro-RO\"}]}<\/script>\n<!-- \/ Yoast SEO plugin. -->","yoast_head_json":{"title":"Over het bedrijf - planmanfinancial.com","description":"Ontdek de nieuwste modetrends, stijltips en inspirerende fashion-artikelen op planmanfinancial. Laat je stijl stralen!","robots":{"index":"index","follow":"follow","max-snippet":"max-snippet:-1","max-image-preview":"max-image-preview:large","max-video-preview":"max-video-preview:-1"},"canonical":"https:\/\/planmanfinancial.com\/ro\/over-het-bedrijf\/","og_locale":"ro_RO","og_type":"article","og_title":"Over het bedrijf - planmanfinancial.com","og_description":"Ontdek de nieuwste modetrends, stijltips en inspirerende fashion-artikelen op planmanfinancial. Laat je stijl stralen!","og_url":"https:\/\/planmanfinancial.com\/ro\/over-het-bedrijf\/","og_site_name":"planmanfinancial.com","article_modified_time":"2025-02-04T09:15:01+00:00","og_image":[{"url":"https:\/\/planmanfinancial.com\/wp-content\/uploads\/zhenskaya-odezhda.jpg"}],"twitter_card":"summary_large_image","twitter_misc":{"Timp estimat pentru citire":"1 minut"},"schema":{"@context":"https:\/\/schema.org","@graph":[{"@type":"WebPage","@id":"https:\/\/planmanfinancial.com\/over-het-bedrijf\/","url":"https:\/\/planmanfinancial.com\/over-het-bedrijf\/","name":"Over het bedrijf - planmanfinancial.com","isPartOf":{"@id":"https:\/\/planmanfinancial.com\/#website"},"primaryImageOfPage":{"@id":"https:\/\/planmanfinancial.com\/over-het-bedrijf\/#primaryimage"},"image":{"@id":"https:\/\/planmanfinancial.com\/over-het-bedrijf\/#primaryimage"},"thumbnailUrl":"https:\/\/planmanfinancial.com\/wp-content\/uploads\/zhenskaya-odezhda.jpg","datePublished":"2025-02-04T08:15:54+00:00","dateModified":"2025-02-04T09:15:01+00:00","description":"Ontdek de nieuwste modetrends, stijltips en inspirerende fashion-artikelen op planmanfinancial. Laat je stijl stralen!","breadcrumb":{"@id":"https:\/\/planmanfinancial.com\/over-het-bedrijf\/#breadcrumb"},"inLanguage":"ro-RO","potentialAction":[{"@type":"ReadAction","target":["https:\/\/planmanfinancial.com\/over-het-bedrijf\/"]}]},{"@type":"ImageObject","inLanguage":"ro-RO","@id":"https:\/\/planmanfinancial.com\/over-het-bedrijf\/#primaryimage","url":"https:\/\/planmanfinancial.com\/wp-content\/uploads\/zhenskaya-odezhda.jpg","contentUrl":"https:\/\/planmanfinancial.com\/wp-content\/uploads\/zhenskaya-odezhda.jpg"},{"@type":"BreadcrumbList","@id":"https:\/\/planmanfinancial.com\/over-het-bedrijf\/#breadcrumb","itemListElement":[{"@type":"ListItem","position":1,"name":"Home","item":"https:\/\/planmanfinancial.com\/"},{"@type":"ListItem","position":2,"name":"Over het bedrijf"}]},{"@type":"WebSite","@id":"https:\/\/planmanfinancial.com\/#website","url":"https:\/\/planmanfinancial.com\/","name":"planmanfinancial.com","description":"Ontdek dagelijks nieuwe mode-inspiratie en stijladvies voor jouw garderobe","potentialAction":[{"@type":"SearchAction","target":{"@type":"EntryPoint","urlTemplate":"https:\/\/planmanfinancial.com\/?s={search_term_string}"},"query-input":"required name=search_term_string"}],"inLanguage":"ro-RO"}]}},"yoast_meta":{"yoast_wpseo_title":"","yoast_wpseo_metadesc":"","yoast_wpseo_canonical":"https:\/\/planmanfinancial.com\/ro\/wp-json\/wp\/v2\/pages\/41"},"_links":{"self":[{"href":"https:\/\/planmanfinancial.com\/ro\/wp-json\/wp\/v2\/pages\/41","targetHints":{"allow":["GET"]}}],"collection":[{"href":"https:\/\/planmanfinancial.com\/ro\/wp-json\/wp\/v2\/pages"}],"about":[{"href":"https:\/\/planmanfinancial.com\/ro\/wp-json\/wp\/v2\/types\/page"}],"author":[{"embeddable":true,"href":"https:\/\/planmanfinancial.com\/ro\/wp-json\/wp\/v2\/users\/1"}],"replies":[{"embeddable":true,"href":"https:\/\/planmanfinancial.com\/ro\/wp-json\/wp\/v2\/comments?post=41"}],"version-history":[{"count":1,"href":"https:\/\/planmanfinancial.com\/ro\/wp-json\/wp\/v2\/pages\/41\/revisions"}],"predecessor-version":[{"id":47,"href":"https:\/\/planmanfinancial.com\/ro\/wp-json\/wp\/v2\/pages\/41\/revisions\/47"}],"wp:attachment":[{"href":"https:\/\/planmanfinancial.com\/ro\/wp-json\/wp\/v2\/media?parent=41"}],"curies":[{"name":"wp","href":"https:\/\/api.w.org\/{rel}","templated":true}]}}